{"id":2235,"date":"2023-12-02T19:13:49","date_gmt":"2023-12-02T19:13:49","guid":{"rendered":"https:\/\/stoling.hr\/?post_type=product&#038;p=2235"},"modified":"2023-12-02T19:13:49","modified_gmt":"2023-12-02T19:13:49","slug":"adl-showering","status":"publish","type":"product","link":"https:\/\/stoling.hr\/index.php\/product\/adl-showering\/","title":{"rendered":"ADL \u2013 Showering"},"content":{"rendered":"<p>Kolekcija: ADL Design, Showering<br \/>\nBoja: ekstra prozirno staklo, anodizirani aluminijski okvir tamnosme\u0111e boje, model SC<br \/>\n7 tipova postavljanja: SA, SB, SC, SD, SE, SF, SG<br \/>\nStilovi: <a href=\"https:\/\/intercasa.hr\/adl-mitica-multi-layered-glass-with-mesh\/\">Mitica<\/a>, <a href=\"https:\/\/intercasa.hr\/adl-officina-sliding\/\">Officina 3\u00d72<\/a> i 4\u00d71, <a href=\"https:\/\/intercasa.hr\/adl-deco\/\">Deco D3<\/a> i <a href=\"https:\/\/intercasa.hr\/adl-japo-2\/\">Japo J3<\/a><br \/>\nDostupno u razli\u010ditim obradama stakla: transparentno, pjeskareno, reflektivno, vi\u0161eslojno staklo s metalnom mre\u017eom, vi\u0161eslojno staklo s tkaninom<br \/>\nAluminijski okvir: anodizirani aluminij (bijela, aluminij, titanij, crna, tamnosme\u0111a, svijetla bronca, bronca, mat mjed) i bojani aluminij \u2013 paleta RAL ili NSC<br \/>\nDimenzije: po mjeri (na slici 2850 x 2900 x 1500 mm)<\/p>\n","protected":false},"excerpt":{"rendered":"<p><strong>Staklena stijena za tu\u0161<\/strong> za ekskluzivno ure\u0111enje kupatila i wellness oaze.<\/p>\n","protected":false},"featured_media":2236,"template":"","meta":{"site-sidebar-layout":"no-sidebar","site-content-layout":"","ast-site-content-layout":"normal-width-container","site-content-style":"boxed","site-sidebar-style":"unboxed","ast-global-header-display":"","ast-banner-title-visibility":"","ast-main-header-display":"","ast-hfb-above-header-display":"","ast-hfb-below-header-display":"","ast-hfb-mobile-header-display":"","site-post-title":"","ast-breadcrumbs-content":"","ast-featured-img":"","footer-sml-layout":"","ast-disable-related-posts":"","theme-transparent-header-meta":"default","adv-header-id-meta":"","stick-header-meta":"","header-above-stick-meta":"","header-main-stick-meta":"","header-below-stick-meta":"","astra-migrate-meta-layouts":"set","ast-page-background-enabled":"default","ast-page-background-meta":{"desktop":{"background-color":"var(--ast-global-color-4)","background-image":"","background-repeat":"repeat","background-position":"center center","background-size":"auto","background-attachment":"scroll","background-type":"","background-media":"","overlay-type":"","overlay-color":"","overlay-opacity":"","overlay-gradient":""},"tablet":{"background-color":"","background-image":"","background-repeat":"repeat","background-position":"center center","background-size":"auto","background-attachment":"scroll","background-type":"","background-media":"","overlay-type":"","overlay-color":"","overlay-opacity":"","overlay-gradient":""},"mobile":{"background-color":"","background-image":"","background-repeat":"repeat","background-position":"center center","background-size":"auto","background-attachment":"scroll","background-type":"","background-media":"","overlay-type":"","overlay-color":"","overlay-opacity":"","overlay-gradient":""}},"ast-content-background-meta":{"desktop":{"background-color":"var(--ast-global-color-5)","background-image":"","background-repeat":"repeat","background-position":"center center","background-size":"auto","background-attachment":"scroll","background-type":"","background-media":"","overlay-type":"","overlay-color":"","overlay-opacity":"","overlay-gradient":""},"tablet":{"background-color":"var(--ast-global-color-5)","background-image":"","background-repeat":"repeat","background-position":"center center","background-size":"auto","background-attachment":"scroll","background-type":"","background-media":"","overlay-type":"","overlay-color":"","overlay-opacity":"","overlay-gradient":""},"mobile":{"background-color":"var(--ast-global-color-5)","background-image":"","background-repeat":"repeat","background-position":"center center","background-size":"auto","background-attachment":"scroll","background-type":"","background-media":"","overlay-type":"","overlay-color":"","overlay-opacity":"","overlay-gradient":""}}},"product_brand":[],"product_cat":[67],"product_tag":[59],"class_list":{"0":"post-2235","1":"product","2":"type-product","3":"status-publish","4":"has-post-thumbnail","6":"product_cat-staklene-stijene","7":"product_tag-adl-design","8":"desktop-align-left","9":"tablet-align-left","10":"mobile-align-left","12":"first","13":"instock","14":"shipping-taxable","15":"product-type-simple"},"jetpack_sharing_enabled":true,"_links":{"self":[{"href":"https:\/\/stoling.hr\/index.php\/wp-json\/wp\/v2\/product\/2235","targetHints":{"allow":["GET"]}}],"collection":[{"href":"https:\/\/stoling.hr\/index.php\/wp-json\/wp\/v2\/product"}],"about":[{"href":"https:\/\/stoling.hr\/index.php\/wp-json\/wp\/v2\/types\/product"}],"version-history":[{"count":1,"href":"https:\/\/stoling.hr\/index.php\/wp-json\/wp\/v2\/product\/2235\/revisions"}],"predecessor-version":[{"id":2241,"href":"https:\/\/stoling.hr\/index.php\/wp-json\/wp\/v2\/product\/2235\/revisions\/2241"}],"wp:featuredmedia":[{"embeddable":true,"href":"https:\/\/stoling.hr\/index.php\/wp-json\/wp\/v2\/media\/2236"}],"wp:attachment":[{"href":"https:\/\/stoling.hr\/index.php\/wp-json\/wp\/v2\/media?parent=2235"}],"wp:term":[{"taxonomy":"product_brand","embeddable":true,"href":"https:\/\/stoling.hr\/index.php\/wp-json\/wp\/v2\/product_brand?post=2235"},{"taxonomy":"product_cat","embeddable":true,"href":"https:\/\/stoling.hr\/index.php\/wp-json\/wp\/v2\/product_cat?post=2235"},{"taxonomy":"product_tag","embeddable":true,"href":"https:\/\/stoling.hr\/index.php\/wp-json\/wp\/v2\/product_tag?post=2235"}],"curies":[{"name":"wp","href":"https:\/\/api.w.org\/{rel}","templated":true}]}}