{"id":2280,"date":"2023-12-02T19:34:58","date_gmt":"2023-12-02T19:34:58","guid":{"rendered":"https:\/\/stoling.hr\/?post_type=product&#038;p=2280"},"modified":"2023-12-02T19:34:58","modified_gmt":"2023-12-02T19:34:58","slug":"adl-light-sliding-inside-the-wall","status":"publish","type":"product","link":"https:\/\/stoling.hr\/index.php\/product\/adl-light-sliding-inside-the-wall\/","title":{"rendered":"ADL \u2013 Light Sliding Inside The Wall"},"content":{"rendered":"<p>Kolekcija: Light \u2013 klizna staklena vrata s otvaranjem u zid<br \/>\nBoja: lijevo transparentna, desno pjeskarena s obojenom pozadinom u boji lana s tamnosme\u0111im aluminijskim okvirom<br \/>\nDostupno u razli\u010ditim obradama stakla: transparentno, pjeskareno u vi\u0161e boja, reflektivno u vi\u0161e boja, teksturirano, sjajno s obojenom pozadinom, pjeskareno s obojenom pozadinom<br \/>\nAluminijski okvir u bojama: bijela, aluminij, titanij, crna, tamnosme\u0111a, svijetlo bron\u010dana, aluminij-bron\u010dana<br \/>\nDimenzije: po mjeri<br \/>\nOtvaranje: klizna i klizna u zid<\/p>\n","protected":false},"excerpt":{"rendered":"<p>Elegantni aluminijski okvir diskretno zaokru\u017euje prolaz u kojem se skrivaju<strong> klizna staklena vrata bez okvira<\/strong>.<\/p>\n","protected":false},"featured_media":2281,"template":"","meta":{"site-sidebar-layout":"no-sidebar","site-content-layout":"","ast-site-content-layout":"normal-width-container","site-content-style":"boxed","site-sidebar-style":"unboxed","ast-global-header-display":"","ast-banner-title-visibility":"","ast-main-header-display":"","ast-hfb-above-header-display":"","ast-hfb-below-header-display":"","ast-hfb-mobile-header-display":"","site-post-title":"","ast-breadcrumbs-content":"","ast-featured-img":"","footer-sml-layout":"","ast-disable-related-posts":"","theme-transparent-header-meta":"default","adv-header-id-meta":"","stick-header-meta":"","header-above-stick-meta":"","header-main-stick-meta":"","header-below-stick-meta":"","astra-migrate-meta-layouts":"set","ast-page-background-enabled":"default","ast-page-background-meta":{"desktop":{"background-color":"var(--ast-global-color-4)","background-image":"","background-repeat":"repeat","background-position":"center center","background-size":"auto","background-attachment":"scroll","background-type":"","background-media":"","overlay-type":"","overlay-color":"","overlay-opacity":"","overlay-gradient":""},"tablet":{"background-color":"","background-image":"","background-repeat":"repeat","background-position":"center center","background-size":"auto","background-attachment":"scroll","background-type":"","background-media":"","overlay-type":"","overlay-color":"","overlay-opacity":"","overlay-gradient":""},"mobile":{"background-color":"","background-image":"","background-repeat":"repeat","background-position":"center center","background-size":"auto","background-attachment":"scroll","background-type":"","background-media":"","overlay-type":"","overlay-color":"","overlay-opacity":"","overlay-gradient":""}},"ast-content-background-meta":{"desktop":{"background-color":"var(--ast-global-color-5)","background-image":"","background-repeat":"repeat","background-position":"center center","background-size":"auto","background-attachment":"scroll","background-type":"","background-media":"","overlay-type":"","overlay-color":"","overlay-opacity":"","overlay-gradient":""},"tablet":{"background-color":"var(--ast-global-color-5)","background-image":"","background-repeat":"repeat","background-position":"center center","background-size":"auto","background-attachment":"scroll","background-type":"","background-media":"","overlay-type":"","overlay-color":"","overlay-opacity":"","overlay-gradient":""},"mobile":{"background-color":"var(--ast-global-color-5)","background-image":"","background-repeat":"repeat","background-position":"center center","background-size":"auto","background-attachment":"scroll","background-type":"","background-media":"","overlay-type":"","overlay-color":"","overlay-opacity":"","overlay-gradient":""}}},"product_brand":[],"product_cat":[66],"product_tag":[59],"class_list":{"0":"post-2280","1":"product","2":"type-product","3":"status-publish","4":"has-post-thumbnail","6":"product_cat-staklena-vrata","7":"product_tag-adl-design","8":"desktop-align-left","9":"tablet-align-left","10":"mobile-align-left","12":"first","13":"instock","14":"shipping-taxable","15":"product-type-simple"},"jetpack_sharing_enabled":true,"_links":{"self":[{"href":"https:\/\/stoling.hr\/index.php\/wp-json\/wp\/v2\/product\/2280","targetHints":{"allow":["GET"]}}],"collection":[{"href":"https:\/\/stoling.hr\/index.php\/wp-json\/wp\/v2\/product"}],"about":[{"href":"https:\/\/stoling.hr\/index.php\/wp-json\/wp\/v2\/types\/product"}],"version-history":[{"count":1,"href":"https:\/\/stoling.hr\/index.php\/wp-json\/wp\/v2\/product\/2280\/revisions"}],"predecessor-version":[{"id":2282,"href":"https:\/\/stoling.hr\/index.php\/wp-json\/wp\/v2\/product\/2280\/revisions\/2282"}],"wp:featuredmedia":[{"embeddable":true,"href":"https:\/\/stoling.hr\/index.php\/wp-json\/wp\/v2\/media\/2281"}],"wp:attachment":[{"href":"https:\/\/stoling.hr\/index.php\/wp-json\/wp\/v2\/media?parent=2280"}],"wp:term":[{"taxonomy":"product_brand","embeddable":true,"href":"https:\/\/stoling.hr\/index.php\/wp-json\/wp\/v2\/product_brand?post=2280"},{"taxonomy":"product_cat","embeddable":true,"href":"https:\/\/stoling.hr\/index.php\/wp-json\/wp\/v2\/product_cat?post=2280"},{"taxonomy":"product_tag","embeddable":true,"href":"https:\/\/stoling.hr\/index.php\/wp-json\/wp\/v2\/product_tag?post=2280"}],"curies":[{"name":"wp","href":"https:\/\/api.w.org\/{rel}","templated":true}]}}