{"id":2313,"date":"2023-12-05T20:31:25","date_gmt":"2023-12-05T20:31:25","guid":{"rendered":"https:\/\/stoling.hr\/?post_type=product&#038;p=2313"},"modified":"2023-12-05T20:31:25","modified_gmt":"2023-12-05T20:31:25","slug":"adl-mies-single-glass-3","status":"publish","type":"product","link":"https:\/\/stoling.hr\/index.php\/product\/adl-mies-single-glass-3\/","title":{"rendered":"ADL \u2013 Mies Single Glass"},"content":{"rendered":"<p>Kolekcija: Mies Single Glass \u2013 Mitica zaokretna (desno) i Mitica klizna (lijevo)<br \/>\nBoja: \u00a0transparentno (desno) i vi\u0161eslojno staklo s mre\u017eom boje bronce s aluminijskim okvirom u svijetloj bronci (lijevo)<br \/>\nDostupno u razli\u010ditim obradama stakla: transparentno, reflektivno u vi\u0161e boja, vi\u0161eslojno s mre\u017eom, sjajno s obojenom pozadinom u vi\u0161e boja, pjeskareno s obojenom pozadinom u vi\u0161e boja<br \/>\nAluminijski okviri dostupni u bojama: bijela, aluminij, crna, tamnosme\u0111a, svijetla bronca, aluminij-bronca, titanij<br \/>\nDimenzije: po mjeri<br \/>\nOtvaranje: Mitica klizna i Mitica zaokretna<\/p>\n","protected":false},"excerpt":{"rendered":"<p><strong>Staklena stijena<\/strong> kao minimalni element koji dijeli volumene na razli\u010dite prostore istovremeno ih povezuju\u0107i u cjelinu.<\/p>\n","protected":false},"featured_media":2314,"template":"","meta":{"site-sidebar-layout":"no-sidebar","site-content-layout":"","ast-site-content-layout":"normal-width-container","site-content-style":"boxed","site-sidebar-style":"unboxed","ast-global-header-display":"","ast-banner-title-visibility":"","ast-main-header-display":"","ast-hfb-above-header-display":"","ast-hfb-below-header-display":"","ast-hfb-mobile-header-display":"","site-post-title":"","ast-breadcrumbs-content":"","ast-featured-img":"","footer-sml-layout":"","ast-disable-related-posts":"","theme-transparent-header-meta":"default","adv-header-id-meta":"","stick-header-meta":"","header-above-stick-meta":"","header-main-stick-meta":"","header-below-stick-meta":"","astra-migrate-meta-layouts":"set","ast-page-background-enabled":"default","ast-page-background-meta":{"desktop":{"background-color":"var(--ast-global-color-4)","background-image":"","background-repeat":"repeat","background-position":"center center","background-size":"auto","background-attachment":"scroll","background-type":"","background-media":"","overlay-type":"","overlay-color":"","overlay-opacity":"","overlay-gradient":""},"tablet":{"background-color":"","background-image":"","background-repeat":"repeat","background-position":"center center","background-size":"auto","background-attachment":"scroll","background-type":"","background-media":"","overlay-type":"","overlay-color":"","overlay-opacity":"","overlay-gradient":""},"mobile":{"background-color":"","background-image":"","background-repeat":"repeat","background-position":"center center","background-size":"auto","background-attachment":"scroll","background-type":"","background-media":"","overlay-type":"","overlay-color":"","overlay-opacity":"","overlay-gradient":""}},"ast-content-background-meta":{"desktop":{"background-color":"var(--ast-global-color-5)","background-image":"","background-repeat":"repeat","background-position":"center center","background-size":"auto","background-attachment":"scroll","background-type":"","background-media":"","overlay-type":"","overlay-color":"","overlay-opacity":"","overlay-gradient":""},"tablet":{"background-color":"var(--ast-global-color-5)","background-image":"","background-repeat":"repeat","background-position":"center center","background-size":"auto","background-attachment":"scroll","background-type":"","background-media":"","overlay-type":"","overlay-color":"","overlay-opacity":"","overlay-gradient":""},"mobile":{"background-color":"var(--ast-global-color-5)","background-image":"","background-repeat":"repeat","background-position":"center center","background-size":"auto","background-attachment":"scroll","background-type":"","background-media":"","overlay-type":"","overlay-color":"","overlay-opacity":"","overlay-gradient":""}}},"product_brand":[],"product_cat":[67],"product_tag":[59],"class_list":{"0":"post-2313","1":"product","2":"type-product","3":"status-publish","4":"has-post-thumbnail","6":"product_cat-staklene-stijene","7":"product_tag-adl-design","8":"desktop-align-left","9":"tablet-align-left","10":"mobile-align-left","12":"first","13":"instock","14":"shipping-taxable","15":"product-type-simple"},"jetpack_sharing_enabled":true,"_links":{"self":[{"href":"https:\/\/stoling.hr\/index.php\/wp-json\/wp\/v2\/product\/2313","targetHints":{"allow":["GET"]}}],"collection":[{"href":"https:\/\/stoling.hr\/index.php\/wp-json\/wp\/v2\/product"}],"about":[{"href":"https:\/\/stoling.hr\/index.php\/wp-json\/wp\/v2\/types\/product"}],"version-history":[{"count":1,"href":"https:\/\/stoling.hr\/index.php\/wp-json\/wp\/v2\/product\/2313\/revisions"}],"predecessor-version":[{"id":2315,"href":"https:\/\/stoling.hr\/index.php\/wp-json\/wp\/v2\/product\/2313\/revisions\/2315"}],"wp:featuredmedia":[{"embeddable":true,"href":"https:\/\/stoling.hr\/index.php\/wp-json\/wp\/v2\/media\/2314"}],"wp:attachment":[{"href":"https:\/\/stoling.hr\/index.php\/wp-json\/wp\/v2\/media?parent=2313"}],"wp:term":[{"taxonomy":"product_brand","embeddable":true,"href":"https:\/\/stoling.hr\/index.php\/wp-json\/wp\/v2\/product_brand?post=2313"},{"taxonomy":"product_cat","embeddable":true,"href":"https:\/\/stoling.hr\/index.php\/wp-json\/wp\/v2\/product_cat?post=2313"},{"taxonomy":"product_tag","embeddable":true,"href":"https:\/\/stoling.hr\/index.php\/wp-json\/wp\/v2\/product_tag?post=2313"}],"curies":[{"name":"wp","href":"https:\/\/api.w.org\/{rel}","templated":true}]}}