{"id":2423,"date":"2023-12-05T22:46:21","date_gmt":"2023-12-05T22:46:21","guid":{"rendered":"https:\/\/stoling.hr\/?post_type=product&#038;p=2423"},"modified":"2023-12-05T22:49:48","modified_gmt":"2023-12-05T22:49:48","slug":"pivato-opera50-model-703-pivato-innova-sahara","status":"publish","type":"product","link":"https:\/\/stoling.hr\/index.php\/product\/pivato-opera50-model-703-pivato-innova-sahara\/","title":{"rendered":"Pivato \u2013 Opera50, Model 703, Pivato Innova, Sahara"},"content":{"rendered":"<p>Kolekcija: Opera50<br \/>\nBoja na slici: be\u017e<br \/>\n(dostupno u vi\u0161e dezena)<br \/>\nVrata u ravnini s vanjskim zidom.<br \/>\nDimenzije: vrata po mjeri<br \/>\nVisina: do stropa<br \/>\nOtvaranje: 180\u00b0 povla\u010denje, 90\u00b0 guranje<br \/>\n\u0160tok do 58 cm \u0161irine zida, skrivene pante.<\/p>\n","protected":false},"excerpt":{"rendered":"<p><strong>Laminirana vrata<\/strong> nude \u0161irok izbor dekora \u2013 svestranost ovog materijala nudi rje\u0161enja sve bli\u017ea trendovima namje\u0161taja.<\/p>\n","protected":false},"featured_media":2424,"template":"","meta":{"site-sidebar-layout":"no-sidebar","site-content-layout":"","ast-site-content-layout":"normal-width-container","site-content-style":"boxed","site-sidebar-style":"unboxed","ast-global-header-display":"","ast-banner-title-visibility":"","ast-main-header-display":"","ast-hfb-above-header-display":"","ast-hfb-below-header-display":"","ast-hfb-mobile-header-display":"","site-post-title":"","ast-breadcrumbs-content":"","ast-featured-img":"","footer-sml-layout":"","ast-disable-related-posts":"","theme-transparent-header-meta":"default","adv-header-id-meta":"","stick-header-meta":"","header-above-stick-meta":"","header-main-stick-meta":"","header-below-stick-meta":"","astra-migrate-meta-layouts":"set","ast-page-background-enabled":"default","ast-page-background-meta":{"desktop":{"background-color":"var(--ast-global-color-4)","background-image":"","background-repeat":"repeat","background-position":"center center","background-size":"auto","background-attachment":"scroll","background-type":"","background-media":"","overlay-type":"","overlay-color":"","overlay-opacity":"","overlay-gradient":""},"tablet":{"background-color":"","background-image":"","background-repeat":"repeat","background-position":"center center","background-size":"auto","background-attachment":"scroll","background-type":"","background-media":"","overlay-type":"","overlay-color":"","overlay-opacity":"","overlay-gradient":""},"mobile":{"background-color":"","background-image":"","background-repeat":"repeat","background-position":"center center","background-size":"auto","background-attachment":"scroll","background-type":"","background-media":"","overlay-type":"","overlay-color":"","overlay-opacity":"","overlay-gradient":""}},"ast-content-background-meta":{"desktop":{"background-color":"var(--ast-global-color-5)","background-image":"","background-repeat":"repeat","background-position":"center center","background-size":"auto","background-attachment":"scroll","background-type":"","background-media":"","overlay-type":"","overlay-color":"","overlay-opacity":"","overlay-gradient":""},"tablet":{"background-color":"var(--ast-global-color-5)","background-image":"","background-repeat":"repeat","background-position":"center center","background-size":"auto","background-attachment":"scroll","background-type":"","background-media":"","overlay-type":"","overlay-color":"","overlay-opacity":"","overlay-gradient":""},"mobile":{"background-color":"var(--ast-global-color-5)","background-image":"","background-repeat":"repeat","background-position":"center center","background-size":"auto","background-attachment":"scroll","background-type":"","background-media":"","overlay-type":"","overlay-color":"","overlay-opacity":"","overlay-gradient":""}}},"product_brand":[],"product_cat":[63,65],"product_tag":[68],"class_list":{"0":"post-2423","1":"product","2":"type-product","3":"status-publish","4":"has-post-thumbnail","6":"product_cat-moderna-vrata","7":"product_cat-sobna-vrata","8":"product_tag-pivato","9":"desktop-align-left","10":"tablet-align-left","11":"mobile-align-left","13":"first","14":"instock","15":"shipping-taxable","16":"product-type-simple"},"jetpack_sharing_enabled":true,"_links":{"self":[{"href":"https:\/\/stoling.hr\/index.php\/wp-json\/wp\/v2\/product\/2423","targetHints":{"allow":["GET"]}}],"collection":[{"href":"https:\/\/stoling.hr\/index.php\/wp-json\/wp\/v2\/product"}],"about":[{"href":"https:\/\/stoling.hr\/index.php\/wp-json\/wp\/v2\/types\/product"}],"version-history":[{"count":1,"href":"https:\/\/stoling.hr\/index.php\/wp-json\/wp\/v2\/product\/2423\/revisions"}],"predecessor-version":[{"id":2425,"href":"https:\/\/stoling.hr\/index.php\/wp-json\/wp\/v2\/product\/2423\/revisions\/2425"}],"wp:featuredmedia":[{"embeddable":true,"href":"https:\/\/stoling.hr\/index.php\/wp-json\/wp\/v2\/media\/2424"}],"wp:attachment":[{"href":"https:\/\/stoling.hr\/index.php\/wp-json\/wp\/v2\/media?parent=2423"}],"wp:term":[{"taxonomy":"product_brand","embeddable":true,"href":"https:\/\/stoling.hr\/index.php\/wp-json\/wp\/v2\/product_brand?post=2423"},{"taxonomy":"product_cat","embeddable":true,"href":"https:\/\/stoling.hr\/index.php\/wp-json\/wp\/v2\/product_cat?post=2423"},{"taxonomy":"product_tag","embeddable":true,"href":"https:\/\/stoling.hr\/index.php\/wp-json\/wp\/v2\/product_tag?post=2423"}],"curies":[{"name":"wp","href":"https:\/\/api.w.org\/{rel}","templated":true}]}}