{"id":2499,"date":"2023-12-05T23:41:04","date_gmt":"2023-12-05T23:41:04","guid":{"rendered":"https:\/\/stoling.hr\/?post_type=product&#038;p=2499"},"modified":"2023-12-05T23:41:04","modified_gmt":"2023-12-05T23:41:04","slug":"pivato-orbita-model-440-incisa-vivace-con-telescopico-laccato-opaco-cashmere","status":"publish","type":"product","link":"https:\/\/stoling.hr\/index.php\/product\/pivato-orbita-model-440-incisa-vivace-con-telescopico-laccato-opaco-cashmere\/","title":{"rendered":"Pivato \u2013 Orbita, Model 440, Incisa, Vivace con telescopico, laccato opaco Cashmere"},"content":{"rendered":"<p>Linija: Leggno<br \/>\nKolekcija: Vivace con telescopico<br \/>\nBoja na slici: ka\u0161mir, mat lakirano (dostupno u 5 boja: \u0161kriljac, bazalt, konoplja, ka\u0161mir i kadulja)<br \/>\nDimenzije: personalizirane po mjeri<br \/>\nVisina: 2,10 m<br \/>\nOtvaranje: 180\u00b0<br \/>\n(dostupne ostale vrste otvaranja)<\/p>\n","protected":false},"excerpt":{"rendered":"<div class=\"woocommerce-product-details__short-description\">\n<p>Dizajn vrata nagla\u0161en minimalisti\u010dkom gravurom, koja se prote\u017ee po \u0161irini vrata, kru\u017ei oko kvake i silazi do dna.<\/p>\n<\/div>\n","protected":false},"featured_media":2500,"template":"","meta":{"site-sidebar-layout":"no-sidebar","site-content-layout":"","ast-site-content-layout":"normal-width-container","site-content-style":"boxed","site-sidebar-style":"unboxed","ast-global-header-display":"","ast-banner-title-visibility":"","ast-main-header-display":"","ast-hfb-above-header-display":"","ast-hfb-below-header-display":"","ast-hfb-mobile-header-display":"","site-post-title":"","ast-breadcrumbs-content":"","ast-featured-img":"","footer-sml-layout":"","ast-disable-related-posts":"","theme-transparent-header-meta":"default","adv-header-id-meta":"","stick-header-meta":"","header-above-stick-meta":"","header-main-stick-meta":"","header-below-stick-meta":"","astra-migrate-meta-layouts":"set","ast-page-background-enabled":"default","ast-page-background-meta":{"desktop":{"background-color":"var(--ast-global-color-4)","background-image":"","background-repeat":"repeat","background-position":"center center","background-size":"auto","background-attachment":"scroll","background-type":"","background-media":"","overlay-type":"","overlay-color":"","overlay-opacity":"","overlay-gradient":""},"tablet":{"background-color":"","background-image":"","background-repeat":"repeat","background-position":"center center","background-size":"auto","background-attachment":"scroll","background-type":"","background-media":"","overlay-type":"","overlay-color":"","overlay-opacity":"","overlay-gradient":""},"mobile":{"background-color":"","background-image":"","background-repeat":"repeat","background-position":"center center","background-size":"auto","background-attachment":"scroll","background-type":"","background-media":"","overlay-type":"","overlay-color":"","overlay-opacity":"","overlay-gradient":""}},"ast-content-background-meta":{"desktop":{"background-color":"var(--ast-global-color-5)","background-image":"","background-repeat":"repeat","background-position":"center center","background-size":"auto","background-attachment":"scroll","background-type":"","background-media":"","overlay-type":"","overlay-color":"","overlay-opacity":"","overlay-gradient":""},"tablet":{"background-color":"var(--ast-global-color-5)","background-image":"","background-repeat":"repeat","background-position":"center center","background-size":"auto","background-attachment":"scroll","background-type":"","background-media":"","overlay-type":"","overlay-color":"","overlay-opacity":"","overlay-gradient":""},"mobile":{"background-color":"var(--ast-global-color-5)","background-image":"","background-repeat":"repeat","background-position":"center center","background-size":"auto","background-attachment":"scroll","background-type":"","background-media":"","overlay-type":"","overlay-color":"","overlay-opacity":"","overlay-gradient":""}}},"product_brand":[],"product_cat":[60],"product_tag":[68],"class_list":{"0":"post-2499","1":"product","2":"type-product","3":"status-publish","4":"has-post-thumbnail","6":"product_cat-dizajnerska-vrata","7":"product_tag-pivato","8":"desktop-align-left","9":"tablet-align-left","10":"mobile-align-left","12":"first","13":"instock","14":"shipping-taxable","15":"product-type-simple"},"jetpack_sharing_enabled":true,"_links":{"self":[{"href":"https:\/\/stoling.hr\/index.php\/wp-json\/wp\/v2\/product\/2499","targetHints":{"allow":["GET"]}}],"collection":[{"href":"https:\/\/stoling.hr\/index.php\/wp-json\/wp\/v2\/product"}],"about":[{"href":"https:\/\/stoling.hr\/index.php\/wp-json\/wp\/v2\/types\/product"}],"version-history":[{"count":1,"href":"https:\/\/stoling.hr\/index.php\/wp-json\/wp\/v2\/product\/2499\/revisions"}],"predecessor-version":[{"id":2503,"href":"https:\/\/stoling.hr\/index.php\/wp-json\/wp\/v2\/product\/2499\/revisions\/2503"}],"wp:featuredmedia":[{"embeddable":true,"href":"https:\/\/stoling.hr\/index.php\/wp-json\/wp\/v2\/media\/2500"}],"wp:attachment":[{"href":"https:\/\/stoling.hr\/index.php\/wp-json\/wp\/v2\/media?parent=2499"}],"wp:term":[{"taxonomy":"product_brand","embeddable":true,"href":"https:\/\/stoling.hr\/index.php\/wp-json\/wp\/v2\/product_brand?post=2499"},{"taxonomy":"product_cat","embeddable":true,"href":"https:\/\/stoling.hr\/index.php\/wp-json\/wp\/v2\/product_cat?post=2499"},{"taxonomy":"product_tag","embeddable":true,"href":"https:\/\/stoling.hr\/index.php\/wp-json\/wp\/v2\/product_tag?post=2499"}],"curies":[{"name":"wp","href":"https:\/\/api.w.org\/{rel}","templated":true}]}}