{"id":4571,"date":"2024-01-13T15:27:47","date_gmt":"2024-01-13T15:27:47","guid":{"rendered":"https:\/\/stoling.hr\/?post_type=product&#038;p=4571"},"modified":"2024-01-13T15:28:39","modified_gmt":"2024-01-13T15:28:39","slug":"palissandro-bianco","status":"publish","type":"product","link":"https:\/\/stoling.hr\/index.php\/product\/palissandro-bianco\/","title":{"rendered":"Palissandro Bianco"},"content":{"rendered":"<p class=\"av-special-heading-tag \">VRATNO KRILO BEZ UKLADA:<\/p>\n<div class=\"avia_textblock  \">\n<p>Okvir puno drvo + vodootporni HDF max 4mm<br \/>\n\u0160tok: puno drvo + vodootporni HDF max 3mm<\/p>\n<\/div>\n<div class=\"av-special-heading av-special-heading-h3  blockquote modern-quote  avia-builder-el-5  el_after_av_textblock  el_before_av_textblock  \">\n<p class=\"av-special-heading-tag \">DIMENZIJE SVIJETLOG OTVORA:<\/p>\n<div class=\"avia_textblock  \">\n<p>Falcana vrata: 600, 700, 750, 800, 900\u00d72100 mm*<br \/>\nRavna vrata: 700, 800, 900x2100mm*<br \/>\n*skra\u0107ivanje po mjeri<br \/>\n<strong>Dimenzije po narud\u017ebi<\/strong>: do 1200x2600mm<\/p>\n<\/div>\n<div class=\"av-special-heading av-special-heading-h3  blockquote modern-quote  avia-builder-el-7  el_after_av_textblock  el_before_av_textblock  \">\n<p class=\"av-special-heading-tag \">STANDARDNA DIMENZIJA \u0160TOKA:<\/p>\n<section class=\"av_textblock_section \">\n<div class=\"avia_textblock  \">\n<p>9cm \u2013 11cm, 13cm, 15cm*<br \/>\n*prilagodljivo \u0161irim dimenzijama zida<br \/>\n<strong>Lajsne:<\/strong>\u00a07cm obostrano ili 9+7cm<\/p>\n<\/div>\n<\/section>\n<\/div>\n<\/div>\n","protected":false},"excerpt":{"rendered":"<p>VRATNO KRILO BEZ UKLADA: Okvir puno drvo + vodootporni HDF max 4mm \u0160tok: puno drvo + vodootporni HDF max 3mm DIMENZIJE SVIJETLOG OTVORA: Falcana vrata: 600, 700, 750, 800, 900\u00d72100 mm* Ravna vrata: 700, 800, 900x2100mm* *skra\u0107ivanje po mjeri Dimenzije po narud\u017ebi: do 1200x2600mm STANDARDNA DIMENZIJA \u0160TOKA: 9cm \u2013 11cm, 13cm, 15cm* *prilagodljivo \u0161irim dimenzijama [&hellip;]<\/p>\n","protected":false},"featured_media":4568,"template":"","meta":{"site-sidebar-layout":"no-sidebar","site-content-layout":"","ast-site-content-layout":"normal-width-container","site-content-style":"boxed","site-sidebar-style":"unboxed","ast-global-header-display":"","ast-banner-title-visibility":"","ast-main-header-display":"","ast-hfb-above-header-display":"","ast-hfb-below-header-display":"","ast-hfb-mobile-header-display":"","site-post-title":"","ast-breadcrumbs-content":"","ast-featured-img":"","footer-sml-layout":"","ast-disable-related-posts":"","theme-transparent-header-meta":"default","adv-header-id-meta":"","stick-header-meta":"","header-above-stick-meta":"","header-main-stick-meta":"","header-below-stick-meta":"","astra-migrate-meta-layouts":"set","ast-page-background-enabled":"default","ast-page-background-meta":{"desktop":{"background-color":"var(--ast-global-color-4)","background-image":"","background-repeat":"repeat","background-position":"center center","background-size":"auto","background-attachment":"scroll","background-type":"","background-media":"","overlay-type":"","overlay-color":"","overlay-opacity":"","overlay-gradient":""},"tablet":{"background-color":"","background-image":"","background-repeat":"repeat","background-position":"center center","background-size":"auto","background-attachment":"scroll","background-type":"","background-media":"","overlay-type":"","overlay-color":"","overlay-opacity":"","overlay-gradient":""},"mobile":{"background-color":"","background-image":"","background-repeat":"repeat","background-position":"center center","background-size":"auto","background-attachment":"scroll","background-type":"","background-media":"","overlay-type":"","overlay-color":"","overlay-opacity":"","overlay-gradient":""}},"ast-content-background-meta":{"desktop":{"background-color":"var(--ast-global-color-5)","background-image":"","background-repeat":"repeat","background-position":"center center","background-size":"auto","background-attachment":"scroll","background-type":"","background-media":"","overlay-type":"","overlay-color":"","overlay-opacity":"","overlay-gradient":""},"tablet":{"background-color":"var(--ast-global-color-5)","background-image":"","background-repeat":"repeat","background-position":"center center","background-size":"auto","background-attachment":"scroll","background-type":"","background-media":"","overlay-type":"","overlay-color":"","overlay-opacity":"","overlay-gradient":""},"mobile":{"background-color":"var(--ast-global-color-5)","background-image":"","background-repeat":"repeat","background-position":"center center","background-size":"auto","background-attachment":"scroll","background-type":"","background-media":"","overlay-type":"","overlay-color":"","overlay-opacity":"","overlay-gradient":""}}},"product_brand":[],"product_cat":[65],"product_tag":[88,87],"class_list":{"0":"post-4571","1":"product","2":"type-product","3":"status-publish","4":"has-post-thumbnail","6":"product_cat-sobna-vrata","7":"product_tag-adriatico","8":"product_tag-falerlegno-design","9":"desktop-align-left","10":"tablet-align-left","11":"mobile-align-left","13":"first","14":"instock","15":"shipping-taxable","16":"product-type-simple"},"jetpack_sharing_enabled":true,"_links":{"self":[{"href":"https:\/\/stoling.hr\/index.php\/wp-json\/wp\/v2\/product\/4571","targetHints":{"allow":["GET"]}}],"collection":[{"href":"https:\/\/stoling.hr\/index.php\/wp-json\/wp\/v2\/product"}],"about":[{"href":"https:\/\/stoling.hr\/index.php\/wp-json\/wp\/v2\/types\/product"}],"version-history":[{"count":1,"href":"https:\/\/stoling.hr\/index.php\/wp-json\/wp\/v2\/product\/4571\/revisions"}],"predecessor-version":[{"id":4572,"href":"https:\/\/stoling.hr\/index.php\/wp-json\/wp\/v2\/product\/4571\/revisions\/4572"}],"wp:featuredmedia":[{"embeddable":true,"href":"https:\/\/stoling.hr\/index.php\/wp-json\/wp\/v2\/media\/4568"}],"wp:attachment":[{"href":"https:\/\/stoling.hr\/index.php\/wp-json\/wp\/v2\/media?parent=4571"}],"wp:term":[{"taxonomy":"product_brand","embeddable":true,"href":"https:\/\/stoling.hr\/index.php\/wp-json\/wp\/v2\/product_brand?post=4571"},{"taxonomy":"product_cat","embeddable":true,"href":"https:\/\/stoling.hr\/index.php\/wp-json\/wp\/v2\/product_cat?post=4571"},{"taxonomy":"product_tag","embeddable":true,"href":"https:\/\/stoling.hr\/index.php\/wp-json\/wp\/v2\/product_tag?post=4571"}],"curies":[{"name":"wp","href":"https:\/\/api.w.org\/{rel}","templated":true}]}}