{"id":4593,"date":"2024-01-13T15:41:52","date_gmt":"2024-01-13T15:41:52","guid":{"rendered":"https:\/\/stoling.hr\/?post_type=product&#038;p=4593"},"modified":"2024-01-13T15:41:52","modified_gmt":"2024-01-13T15:41:52","slug":"baltico","status":"publish","type":"product","link":"https:\/\/stoling.hr\/index.php\/product\/baltico\/","title":{"rendered":"Baltico"},"content":{"rendered":"<p class=\"av-special-heading-tag \">DRVENA SOBNA VRATA SA STAKLOM<\/p>\n<div class=\"avia_textblock  \">\n<p>Vratno krilo sa ukladama: okvir puno drvo + MDF 4mm + kaljeno ili lamistal staklo 8mm<br \/>\n\u0160tok: puno drvo + MDF 4mm HYDRO<\/p>\n<\/div>\n<div class=\"av-special-heading av-special-heading-h3  blockquote modern-quote  avia-builder-el-5  el_after_av_textblock  el_before_av_textblock  \">\n<p class=\"av-special-heading-tag \">DIMENZIJE SVIJETLOG OTVORA:<\/p>\n<div class=\"avia_textblock  \">\n<p>Falcana vrata*: 600, 700, 750, 800, 900\u00d72100 mm<br \/>\nRavna vrata: 700, 800, 900x2100mm*<br \/>\n*skra\u0107ivanje po mjeri<\/p>\n<p>Dimenzije po narud\u017ebi: mogu\u0107nost prilagodbe raznim \u0161irinama i visinama gra\u0111evinskih otvora.<\/p>\n<\/div>\n<p class=\"av-special-heading-tag \">STANDARDNA DIMENZIJA \u0160TOKA:<\/p>\n<section class=\"av_textblock_section \">\n<div class=\"avia_textblock  \">9cm \u2013 11cm, 13cm, 15cm*<br \/>\n*prilagodljivo \u0161irim dimenzijama zida<br \/>\nLajsne:\u00a07+7cm obostrano, 9+7cm obostrano<\/div>\n<\/section>\n<div class=\"flex_column av_one_half  flex_column_div av-zero-column-padding   avia-builder-el-9  el_after_av_one_half  el_before_av_one_full  \">\n<div id=\"av-masonry-1\" class=\"av-masonry noHover av-flex-size av-large-gap av-hover-overlay-active av-masonry-animation- av-masonry-col-2 av-caption-on-hover av-caption-style-overlay av-masonry-gallery av-small-columns-overwrite av-small-columns-1 av-mini-columns-overwrite av-mini-columns-1 avia_sortable_active\">\n<div class=\"av-masonry-container isotope\">\n<p class=\"av-masonry-entry isotope-item av-masonry-item-no-image av-masonry-item-loaded\">\n<div class=\"av-inner-masonry-sizer\"><\/div>\n<figure class=\"av-inner-masonry main_color\">\n<div class=\"av-masonry-outerimage-container\"><\/div>\n<\/figure>\n<\/div>\n<\/div>\n<\/div>\n<\/div>\n","protected":false},"excerpt":{"rendered":"<p>DRVENA SOBNA VRATA SA STAKLOM Vratno krilo sa ukladama: okvir puno drvo + MDF 4mm + kaljeno ili lamistal staklo 8mm \u0160tok: puno drvo + MDF 4mm HYDRO DIMENZIJE SVIJETLOG OTVORA: Falcana vrata*: 600, 700, 750, 800, 900\u00d72100 mm Ravna vrata: 700, 800, 900x2100mm* *skra\u0107ivanje po mjeri Dimenzije po narud\u017ebi: mogu\u0107nost prilagodbe raznim \u0161irinama i [&hellip;]<\/p>\n","protected":false},"featured_media":4591,"template":"","meta":{"site-sidebar-layout":"no-sidebar","site-content-layout":"","ast-site-content-layout":"normal-width-container","site-content-style":"boxed","site-sidebar-style":"unboxed","ast-global-header-display":"","ast-banner-title-visibility":"","ast-main-header-display":"","ast-hfb-above-header-display":"","ast-hfb-below-header-display":"","ast-hfb-mobile-header-display":"","site-post-title":"","ast-breadcrumbs-content":"","ast-featured-img":"","footer-sml-layout":"","ast-disable-related-posts":"","theme-transparent-header-meta":"default","adv-header-id-meta":"","stick-header-meta":"","header-above-stick-meta":"","header-main-stick-meta":"","header-below-stick-meta":"","astra-migrate-meta-layouts":"set","ast-page-background-enabled":"default","ast-page-background-meta":{"desktop":{"background-color":"var(--ast-global-color-4)","background-image":"","background-repeat":"repeat","background-position":"center center","background-size":"auto","background-attachment":"scroll","background-type":"","background-media":"","overlay-type":"","overlay-color":"","overlay-opacity":"","overlay-gradient":""},"tablet":{"background-color":"","background-image":"","background-repeat":"repeat","background-position":"center center","background-size":"auto","background-attachment":"scroll","background-type":"","background-media":"","overlay-type":"","overlay-color":"","overlay-opacity":"","overlay-gradient":""},"mobile":{"background-color":"","background-image":"","background-repeat":"repeat","background-position":"center center","background-size":"auto","background-attachment":"scroll","background-type":"","background-media":"","overlay-type":"","overlay-color":"","overlay-opacity":"","overlay-gradient":""}},"ast-content-background-meta":{"desktop":{"background-color":"var(--ast-global-color-5)","background-image":"","background-repeat":"repeat","background-position":"center center","background-size":"auto","background-attachment":"scroll","background-type":"","background-media":"","overlay-type":"","overlay-color":"","overlay-opacity":"","overlay-gradient":""},"tablet":{"background-color":"var(--ast-global-color-5)","background-image":"","background-repeat":"repeat","background-position":"center center","background-size":"auto","background-attachment":"scroll","background-type":"","background-media":"","overlay-type":"","overlay-color":"","overlay-opacity":"","overlay-gradient":""},"mobile":{"background-color":"var(--ast-global-color-5)","background-image":"","background-repeat":"repeat","background-position":"center center","background-size":"auto","background-attachment":"scroll","background-type":"","background-media":"","overlay-type":"","overlay-color":"","overlay-opacity":"","overlay-gradient":""}}},"product_brand":[],"product_cat":[65],"product_tag":[90,87],"class_list":{"0":"post-4593","1":"product","2":"type-product","3":"status-publish","4":"has-post-thumbnail","6":"product_cat-sobna-vrata","7":"product_tag-baltico","8":"product_tag-falerlegno-design","9":"desktop-align-left","10":"tablet-align-left","11":"mobile-align-left","13":"first","14":"instock","15":"shipping-taxable","16":"product-type-simple"},"jetpack_sharing_enabled":true,"_links":{"self":[{"href":"https:\/\/stoling.hr\/index.php\/wp-json\/wp\/v2\/product\/4593","targetHints":{"allow":["GET"]}}],"collection":[{"href":"https:\/\/stoling.hr\/index.php\/wp-json\/wp\/v2\/product"}],"about":[{"href":"https:\/\/stoling.hr\/index.php\/wp-json\/wp\/v2\/types\/product"}],"version-history":[{"count":1,"href":"https:\/\/stoling.hr\/index.php\/wp-json\/wp\/v2\/product\/4593\/revisions"}],"predecessor-version":[{"id":4594,"href":"https:\/\/stoling.hr\/index.php\/wp-json\/wp\/v2\/product\/4593\/revisions\/4594"}],"wp:featuredmedia":[{"embeddable":true,"href":"https:\/\/stoling.hr\/index.php\/wp-json\/wp\/v2\/media\/4591"}],"wp:attachment":[{"href":"https:\/\/stoling.hr\/index.php\/wp-json\/wp\/v2\/media?parent=4593"}],"wp:term":[{"taxonomy":"product_brand","embeddable":true,"href":"https:\/\/stoling.hr\/index.php\/wp-json\/wp\/v2\/product_brand?post=4593"},{"taxonomy":"product_cat","embeddable":true,"href":"https:\/\/stoling.hr\/index.php\/wp-json\/wp\/v2\/product_cat?post=4593"},{"taxonomy":"product_tag","embeddable":true,"href":"https:\/\/stoling.hr\/index.php\/wp-json\/wp\/v2\/product_tag?post=4593"}],"curies":[{"name":"wp","href":"https:\/\/api.w.org\/{rel}","templated":true}]}}